{"id":74,"date":"2015-01-03T10:26:22","date_gmt":"2015-01-03T10:26:22","guid":{"rendered":"http:\/\/webs.almeritek.com\/grupocondor.org\/?page_id=74"},"modified":"2024-06-14T09:29:18","modified_gmt":"2024-06-14T09:29:18","slug":"hazte-socio","status":"publish","type":"page","link":"https:\/\/www.grupocondor.org\/?page_id=74","title":{"rendered":"Hazte socio"},"content":{"rendered":"<h4><strong>Para ingresar como Socio del Grupo C\u00f3ndor deber\u00e1 seguir los pasos siguientes:<\/strong><\/h4>\n<p>1.- Rellenar esta Solicitud de Ingreso cumplimentando todos sus apartados. Rellenar en may\u00fasculas y de forma legible.<\/p>\n<p>2.- Ingresar en la cuenta de UNICAJA n\u00famero <strong>ES67 2103 5002 72 0300027972<\/strong> del CLUB DE MONTA\u00d1ISMO C\u00d3NDOR, la cantidad correspondiente a la cuota anual (total o parcial, seg\u00fan al fecha de solicitud), sumando la cuota de inscripci\u00f3n de 3 \u20ac. La suma de ambas cuotas seg\u00fan la fecha de adhesi\u00f3n como socio es la siguiente:<\/p>\n<p>Del 1 de enero al 30 de Junio\u00a0\u00a0\u00a0\u00a0\u00a0\u00a0\u00a0\u00a0\u00a0\u00a0\u00a0\u00a0\u00a0\u00a0\u00a0\u00a0\u00a0\u00a0\u00a0\u00a0\u00a0\u00a0\u00a0\u00a0\u00a0\u00a0\u00a0\u00a0\u00a0\u00a0\u00a0\u00a0\u00a0\u00a0\u00a0\u00a0\u00a0\u00a0\u00a0\u00a0\u00a0\u00a0\u00a0\u00a0\u00a0\u00a0\u00a0\u00a0\u00a0\u00a0\u00a0 28 \u20ac<\/p>\n<p>Del 1 de Julio al 31 de Diciembre\u00a0\u00a0\u00a0\u00a0\u00a0\u00a0\u00a0\u00a0\u00a0\u00a0\u00a0\u00a0\u00a0\u00a0\u00a0\u00a0\u00a0\u00a0\u00a0\u00a0\u00a0\u00a0\u00a0\u00a0\u00a0\u00a0\u00a0\u00a0\u00a0\u00a0\u00a0\u00a0\u00a0\u00a0\u00a0\u00a0\u00a0\u00a0\u00a0\u00a0\u00a0\u00a0\u00a0\u00a0\u00a0 15,5 \u20ac<\/p>\n<p>3.- Remitir al correo electr\u00f3nico: <a href=\"mailto:secretaria@grupocondor.org\">secretaria@grupocondor.org<\/a> o entregar en los locales del Grupo C\u00f3ndor esta solicitud de ingreso como Socio cumplimentada junto con el comprobante bancario del ingreso.<\/p>\n<h5>HOJA INSCRIPCI\u00d3N SOCIO C\u00d3NDOR FORMATO WORD: <span style=\"color: #000080;\"><a style=\"color: #000080;\" href=\"http:\/\/www.grupocondor.org\/wp-content\/uploads\/2015\/01\/Hoja-Inscripci\u00f3n-C\u00f3ndor.doc\">Enlace a la hoja Inscripci\u00f3n C\u00f3ndor<\/a><\/span><\/h5>\n<h5>HOJA INSCRIPCI\u00d3N SOCIO C\u00d3NDOR FORMATO <strong>PDF<\/strong>:<span style=\"color: #000080;\"> <a style=\"color: #000080;\" href=\"http:\/\/www.grupocondor.org\/wp-content\/uploads\/2015\/01\/Hoja-Inscripci\u00f3n-C\u00f3ndor.pdf\">Enlace a la hoja Inscripci\u00f3n C\u00f3ndor<\/a><\/span><\/h5>\n<p>Se considerar\u00e1 como fecha de ingreso como nuevo Socio la fecha del ingreso del comprobante bancario, y s\u00f3lo a partir de esa fecha podr\u00e1 disfrutar como tal, de las correspondientes ventajas en actividades, pr\u00e9stamo de libros y material, etc.<\/p>\n<p>Las cuotas en a\u00f1os sucesivos, se pasaran por domiciliaci\u00f3n bancaria con arreglo a los datos suministrados en la presente Solicitud de Ingreso. La <strong>cuota es por a\u00f1o natural<\/strong> y su importe es de <strong>25\u00a0\u20ac<\/strong>.<\/p>\n<p>El impago de las cuotas anuales, conllevar\u00e1 la correspondiente BAJA como Socio.<\/p>\n<p>Se recomienda comunicar los cambios de domicilio, n\u00famero de cuenta, etc. para evitar perdidas de programas de actividades, notas que se env\u00edan regularmente a los socios y gastos innecesarios.<\/p>\n<p style=\"text-align: justify;\"><strong>PROTECCI\u00d3N DE DATOS<\/strong><\/p>\n<p style=\"text-align: justify;\">En cumplimiento de lo dispuesto en la Ley Org\u00e1nica 15\/1999, de 13 de diciembre, de Protecci\u00f3n de Datos de Car\u00e1cter Personal, el Grupo C\u00f3ndor le informa de que los datos personales obtenidos mediante la cumplimentaci\u00f3n de este documento va a ser incorporado, para su tratamiento, a un fichero automatizado. Asimismo, se le informa que la recogida y tratamiento de dichos datos tiene como finalidad gestionar el proceso de solicitud de inscripci\u00f3n. De acuerdo con lo previsto en la citada Ley Org\u00e1nica, puede ejercer los derechos de acceso, rectificaci\u00f3n, cancelaci\u00f3n y oposici\u00f3n dirigiendo un escrito al Club de Monta\u00f1ismo C\u00f3ndor, C\/ La Curva, 5, 04007, Almer\u00eda.<\/p>\n","protected":false},"excerpt":{"rendered":"<p>Para ingresar como Socio del Grupo C\u00f3ndor deber\u00e1 seguir los pasos siguientes: 1.- Rellenar esta Solicitud de Ingreso cumplimentando todos sus apartados. Rellenar en may\u00fasculas y de forma legible. 2.- Ingresar en la cuenta de UNICAJA n\u00famero ES67 2103 5002 72 0300027972 del CLUB DE MONTA\u00d1ISMO C\u00d3NDOR, la cantidad correspondiente a la cuota anual (total [&hellip;]<\/p>\n","protected":false},"author":7743,"featured_media":0,"parent":0,"menu_order":0,"comment_status":"open","ping_status":"open","template":"","meta":{"_et_pb_use_builder":"","_et_pb_old_content":"","_et_gb_content_width":"","footnotes":""},"class_list":["post-74","page","type-page","status-publish","hentry"],"_links":{"self":[{"href":"https:\/\/www.grupocondor.org\/index.php?rest_route=\/wp\/v2\/pages\/74","targetHints":{"allow":["GET"]}}],"collection":[{"href":"https:\/\/www.grupocondor.org\/index.php?rest_route=\/wp\/v2\/pages"}],"about":[{"href":"https:\/\/www.grupocondor.org\/index.php?rest_route=\/wp\/v2\/types\/page"}],"author":[{"embeddable":true,"href":"https:\/\/www.grupocondor.org\/index.php?rest_route=\/wp\/v2\/users\/7743"}],"replies":[{"embeddable":true,"href":"https:\/\/www.grupocondor.org\/index.php?rest_route=%2Fwp%2Fv2%2Fcomments&post=74"}],"version-history":[{"count":8,"href":"https:\/\/www.grupocondor.org\/index.php?rest_route=\/wp\/v2\/pages\/74\/revisions"}],"predecessor-version":[{"id":35511,"href":"https:\/\/www.grupocondor.org\/index.php?rest_route=\/wp\/v2\/pages\/74\/revisions\/35511"}],"wp:attachment":[{"href":"https:\/\/www.grupocondor.org\/index.php?rest_route=%2Fwp%2Fv2%2Fmedia&parent=74"}],"curies":[{"name":"wp","href":"https:\/\/api.w.org\/{rel}","templated":true}]}}