{"id":77,"date":"2015-01-03T10:27:50","date_gmt":"2015-01-03T10:27:50","guid":{"rendered":"http:\/\/webs.almeritek.com\/grupocondor.org\/?page_id=77"},"modified":"2025-07-28T10:18:58","modified_gmt":"2025-07-28T10:18:58","slug":"contacta","status":"publish","type":"page","link":"https:\/\/www.grupocondor.org\/?page_id=77","title":{"rendered":"Contacto"},"content":{"rendered":"<p>Club de Monta\u00f1ismo C\u00f3ndor, Asociaci\u00f3n Juvenil Cultural C\u00f3ndor, Asociaci\u00f3n Ecologista C\u00f3ndor, Club de Monta\u00f1ismo C\u00f3ndor Secci\u00f3n de Orientaci\u00f3n<\/p>\n<div id=\"outer-container\">\n<div id=\"page-right\"><\/div>\n<div><strong>Domicilio<\/strong>: C\/ La Curva, 5-2\u00aa 04007 Almer\u00eda<\/div>\n<div><a href=\"https:\/\/maps.app.goo.gl\/j1jaqzQskngdVwvE8\">https:\/\/maps.app.goo.gl\/j1jaqzQskngdVwvE8<\/a><\/div>\n<div><\/div>\n<div>Tel\u00e9fono fijo : <strong>950 255 378<\/strong><\/div>\n<div>Tel\u00e9fono m\u00f3vil:<strong> 608590041<\/strong><\/div>\n<div id=\"page-right\">\n<div id=\"page-left\">\n<div><\/div>\n<div><strong>Correo electr\u00f3nico<\/strong>:<a href=\"mailto:condor@grupocondor.org\"> condor@grupocondor.org<\/a><\/div>\n<div><\/div>\n<\/div>\n<\/div>\n<div><strong>Facebook<\/strong>:<a href=\"https:\/\/www.facebook.com\/grupocondor77\/\">\u00a0https:\/\/www.facebook.com\/grupocondor77\/<\/a><\/div>\n<div id=\"page-right\">\n<div id=\"page-left\">\n<div id=\"container\"><\/div>\n<\/div>\n<\/div>\n<\/div>\n","protected":false},"excerpt":{"rendered":"<p>Club de Monta\u00f1ismo C\u00f3ndor, Asociaci\u00f3n Juvenil Cultural C\u00f3ndor, Asociaci\u00f3n Ecologista C\u00f3ndor, Club de Monta\u00f1ismo C\u00f3ndor Secci\u00f3n de Orientaci\u00f3n Domicilio: C\/ La Curva, 5-2\u00aa 04007 Almer\u00eda https:\/\/maps.app.goo.gl\/j1jaqzQskngdVwvE8 Tel\u00e9fono fijo : 950 255 378 Tel\u00e9fono m\u00f3vil: 608590041 Correo electr\u00f3nico: condor@grupocondor.org Facebook:\u00a0https:\/\/www.facebook.com\/grupocondor77\/<\/p>\n","protected":false},"author":7743,"featured_media":0,"parent":0,"menu_order":0,"comment_status":"open","ping_status":"open","template":"","meta":{"_et_pb_use_builder":"","_et_pb_old_content":"","_et_gb_content_width":"","footnotes":""},"class_list":["post-77","page","type-page","status-publish","hentry"],"_links":{"self":[{"href":"https:\/\/www.grupocondor.org\/index.php?rest_route=\/wp\/v2\/pages\/77","targetHints":{"allow":["GET"]}}],"collection":[{"href":"https:\/\/www.grupocondor.org\/index.php?rest_route=\/wp\/v2\/pages"}],"about":[{"href":"https:\/\/www.grupocondor.org\/index.php?rest_route=\/wp\/v2\/types\/page"}],"author":[{"embeddable":true,"href":"https:\/\/www.grupocondor.org\/index.php?rest_route=\/wp\/v2\/users\/7743"}],"replies":[{"embeddable":true,"href":"https:\/\/www.grupocondor.org\/index.php?rest_route=%2Fwp%2Fv2%2Fcomments&post=77"}],"version-history":[{"count":11,"href":"https:\/\/www.grupocondor.org\/index.php?rest_route=\/wp\/v2\/pages\/77\/revisions"}],"predecessor-version":[{"id":35956,"href":"https:\/\/www.grupocondor.org\/index.php?rest_route=\/wp\/v2\/pages\/77\/revisions\/35956"}],"wp:attachment":[{"href":"https:\/\/www.grupocondor.org\/index.php?rest_route=%2Fwp%2Fv2%2Fmedia&parent=77"}],"curies":[{"name":"wp","href":"https:\/\/api.w.org\/{rel}","templated":true}]}}