{"id":944,"date":"2015-01-14T03:12:27","date_gmt":"2015-01-14T03:12:27","guid":{"rendered":"http:\/\/webs.almeritek.com\/grupocondor.org\/?page_id=944"},"modified":"2015-01-14T03:12:27","modified_gmt":"2015-01-14T03:12:27","slug":"que-es","status":"publish","type":"page","link":"https:\/\/www.grupocondor.org\/?page_id=944","title":{"rendered":"\u00bfQu\u00e9 es?"},"content":{"rendered":"<div class=\"content\">\n<p class=\"Estilo1\" align=\"left\">La Orientaci\u00f3n te ayuda a descubrir la naturaleza. Hoy d\u00eda pasamos la mayor parte de nuestro tiempo en zonas urbanas, donde rara vez acudimos a zonas abiertas. La Orientaci\u00f3n es una alternativa a este sedentarismo urbano; es simplemente pasear o incluso correr con un plano y una brujula, solo o en compa\u00f1\u00eda de la familia y los amigos.<\/p>\n<p class=\"Estilo1\" align=\"left\">La Orientaci\u00f3n se practica en plena naturaleza y combina el esfuerzo f\u00edsico con el mental; vas leyendo en un plano por d\u00f3nde vas, descubres sitios nuevos, sabr\u00e1s d\u00f3nde te encuentras y como ir de un sitio a otro en el bosque.<\/p>\n<p class=\"Estilo1\" align=\"left\">El Club de Monta\u00f1ismo C\u00f3ndor est\u00e1 formado por un grupo de personas amantes de la naturaleza, cuyo objetivo es el disfrute y la practica entre otros del Deporte de la Orientaci\u00f3n. Y como creemos que es un deporte del que todos podemos disfrutar y participar, promovemos la practica del deporte de la Orientaci\u00f3n en nuestra provincia\u00a0con el\u00a0fin \u00faltimo que la gente conozca el deporte de la Orientaci\u00f3n, que se practica en muchos paises del mundo, principalmente en los paises nordicos de donde hace a\u00f1os sali\u00f3, y que abandonen el sedentarismo tipico hoy en d\u00eda de las zonas urbanas y vuelvan su mirada hacia la naturaleza y aprendan a disfrutar de ella con un deporte que muchos ya lo empiezan a denominar un <strong>deporte para el siglo XXI<\/strong>.<\/p>\n<p class=\"Estilo2\" align=\"left\"><strong>\u00bfQu\u00e9 es la Orientaci\u00f3n?<br \/>\n<\/strong>La Orientaci\u00f3n es un concepto de deporte en el que la lucha es contra ti mismo. La Orientaci\u00f3n se practica en plena Naturaleza y combina de manera perfecta el esfuerzo f\u00edsco con el mental. Tu vas leyendo en el mapa por d\u00f3nde vas y de esta forma descubres sitios nuevos, sabr\u00e1s siempre d\u00f3nde te encuentras y c\u00f3mo ir de un sitio a otro en el bosque. La Orientaci\u00f3n es tan simple como pasear o incluso correr con un mapa y una brujula, solo o en compa\u00f1ia de los amigos o la familia. Se puede realizar a pie, en bici, sobre esquies &#8230;<\/p>\n<p class=\"Estilo2\" align=\"left\">La Orientaci\u00f3n tambien es una modalidad deportiva competitiva en la que el objetivo del participante es realizar en el menor tiempo posible un recorrido marcado en el plano y sobre el terreno por puntos de control con balizas de color blanco y naranja que materializan cada uno de los puntos de paso. La carrera se realiza desde la salida hasta la meta visitando los puntos de control en el orden indicado sobre el plano, de manera individual y con la br\u00fajula como \u00fanico instrumento v\u00e1lido de ayuda. Se trata de seleccionar la mejor ruta para llegar al control; una vez en este, se utilizar\u00e1 una pinza claveteada que existe en el mismo para se\u00f1alar la tarjeta de control, que justuficar\u00e1 que se ha localizado el control y permitir\u00e1 continuar hasta el siguiente control y llegar finalmente a la meta. En la carrera se ponen a prueba las cualidades del orientador y su capacidad para llevarlas a cabo de la manera m\u00e1s amplia posible.<\/p>\n<p class=\"Estilo2\" align=\"left\">Las cualidades de la orientaci\u00f3n son:<\/p>\n<div>\n<ul>\n<li class=\"Estilo2\">Lectura del mapa<\/li>\n<li class=\"Estilo2\">Elecci\u00f3n de ruta<\/li>\n<li class=\"Estilo2\">Capacidad de mantenerse en la ruta<\/li>\n<li class=\"Estilo2\">Capacidad de concentrarse en la orientaci\u00f3n<\/li>\n<li class=\"Estilo2\">T\u00e9cnica de manejo de los instrumentos de orientaci\u00f3n<\/li>\n<\/ul>\n<\/div>\n<p align=\"left\"><span class=\"Estilo2\">Forman parte de la carrera de orientaci\u00f3n:<\/span><\/p>\n<div>\n<ul>\n<li class=\"Estilo2\">La capacidad para correr y la resistencia<\/li>\n<li class=\"Estilo2\">La t\u00e9cnica de carrera<\/li>\n<li class=\"Estilo2\">El valor para correr r\u00e1pido en distintas situaciones<\/li>\n<li class=\"Estilo2\">La fuerza y flexibilidad<\/li>\n<\/ul>\n<\/div>\n<p class=\"Estilo2\" align=\"left\">Las cualidades de la orientaci\u00f3n hay que saber emplearlas de forma planificada en las distintas situaciones que se nos presentar\u00e1n durante una carrera. La orientaci\u00f3n es, por lo tanto, una atractiva actividad, que permite a sus practicantes un estrecho contacto y vinculaci\u00f3n con la naturaleza. A parte del deporte de competici\u00f3n, tambi\u00e9n puede ser entendida como una faceta l\u00fadica y recreativa, que mejora la calidad de vida y la condici\u00f3n f\u00edsica.<\/p>\n<\/div>\n","protected":false},"excerpt":{"rendered":"<p>La Orientaci\u00f3n te ayuda a descubrir la naturaleza. Hoy d\u00eda pasamos la mayor parte de nuestro tiempo en zonas urbanas, donde rara vez acudimos a zonas abiertas. La Orientaci\u00f3n es una alternativa a este sedentarismo urbano; es simplemente pasear o incluso correr con un plano y una brujula, solo o en compa\u00f1\u00eda de la familia [&hellip;]<\/p>\n","protected":false},"author":7743,"featured_media":0,"parent":0,"menu_order":0,"comment_status":"open","ping_status":"open","template":"","meta":{"_et_pb_use_builder":"","_et_pb_old_content":"","_et_gb_content_width":"","footnotes":""},"class_list":["post-944","page","type-page","status-publish","hentry"],"_links":{"self":[{"href":"https:\/\/www.grupocondor.org\/index.php?rest_route=\/wp\/v2\/pages\/944","targetHints":{"allow":["GET"]}}],"collection":[{"href":"https:\/\/www.grupocondor.org\/index.php?rest_route=\/wp\/v2\/pages"}],"about":[{"href":"https:\/\/www.grupocondor.org\/index.php?rest_route=\/wp\/v2\/types\/page"}],"author":[{"embeddable":true,"href":"https:\/\/www.grupocondor.org\/index.php?rest_route=\/wp\/v2\/users\/7743"}],"replies":[{"embeddable":true,"href":"https:\/\/www.grupocondor.org\/index.php?rest_route=%2Fwp%2Fv2%2Fcomments&post=944"}],"version-history":[{"count":1,"href":"https:\/\/www.grupocondor.org\/index.php?rest_route=\/wp\/v2\/pages\/944\/revisions"}],"predecessor-version":[{"id":946,"href":"https:\/\/www.grupocondor.org\/index.php?rest_route=\/wp\/v2\/pages\/944\/revisions\/946"}],"wp:attachment":[{"href":"https:\/\/www.grupocondor.org\/index.php?rest_route=%2Fwp%2Fv2%2Fmedia&parent=944"}],"curies":[{"name":"wp","href":"https:\/\/api.w.org\/{rel}","templated":true}]}}